{"id":248,"date":"2021-06-12T12:13:00","date_gmt":"2021-06-12T17:13:00","guid":{"rendered":"http:\/\/dypsioncompany.com\/rehobot21\/?post_type=product&#038;p=248"},"modified":"2021-06-28T23:54:21","modified_gmt":"2021-06-29T04:54:21","slug":"alcohol-multiusos-al-70","status":"publish","type":"product","link":"https:\/\/dypsioncompany.com\/rehobot21\/index.php\/producto\/alcohol-multiusos-al-70\/","title":{"rendered":"Alcohol multiusos al 70%"},"content":{"rendered":"<blockquote><p>\u00a0Fabricado a base de Ca\u00f1a de Azucar<\/p><\/blockquote>\n<p><img loading=\"lazy\" class=\"alignnone size-medium wp-image-24\" src=\"http:\/\/dypsioncompany.com\/rehobot21\/wp-content\/uploads\/2021\/06\/WEB-LEANDRO-REHOBOTH-2021-11_15-300x104.jpg\" alt=\"\" width=\"300\" height=\"104\" srcset=\"https:\/\/dypsioncompany.com\/rehobot21\/wp-content\/uploads\/2021\/06\/WEB-LEANDRO-REHOBOTH-2021-11_15-300x104.jpg 300w, https:\/\/dypsioncompany.com\/rehobot21\/wp-content\/uploads\/2021\/06\/WEB-LEANDRO-REHOBOTH-2021-11_15-600x208.jpg 600w, https:\/\/dypsioncompany.com\/rehobot21\/wp-content\/uploads\/2021\/06\/WEB-LEANDRO-REHOBOTH-2021-11_15-1024x354.jpg 1024w, https:\/\/dypsioncompany.com\/rehobot21\/wp-content\/uploads\/2021\/06\/WEB-LEANDRO-REHOBOTH-2021-11_15-768x266.jpg 768w, https:\/\/dypsioncompany.com\/rehobot21\/wp-content\/uploads\/2021\/06\/WEB-LEANDRO-REHOBOTH-2021-11_15-1536x531.jpg 1536w, https:\/\/dypsioncompany.com\/rehobot21\/wp-content\/uploads\/2021\/06\/WEB-LEANDRO-REHOBOTH-2021-11_15-1600x553.jpg 1600w, https:\/\/dypsioncompany.com\/rehobot21\/wp-content\/uploads\/2021\/06\/WEB-LEANDRO-REHOBOTH-2021-11_15-1200x415.jpg 1200w, https:\/\/dypsioncompany.com\/rehobot21\/wp-content\/uploads\/2021\/06\/WEB-LEANDRO-REHOBOTH-2021-11_15-900x311.jpg 900w, https:\/\/dypsioncompany.com\/rehobot21\/wp-content\/uploads\/2021\/06\/WEB-LEANDRO-REHOBOTH-2021-11_15-30x10.jpg 30w, https:\/\/dypsioncompany.com\/rehobot21\/wp-content\/uploads\/2021\/06\/WEB-LEANDRO-REHOBOTH-2021-11_15.jpg 1920w\" sizes=\"(max-width: 300px) 100vw, 300px\" \/><\/p>\n<p><img loading=\"lazy\" class=\"alignnone size-medium wp-image-17\" src=\"http:\/\/dypsioncompany.com\/rehobot21\/wp-content\/uploads\/2021\/06\/WEB-LEANDRO-REHOBOTH-2021-11_08-300x25.jpg\" alt=\"\" width=\"300\" height=\"25\" srcset=\"https:\/\/dypsioncompany.com\/rehobot21\/wp-content\/uploads\/2021\/06\/WEB-LEANDRO-REHOBOTH-2021-11_08-300x25.jpg 300w, https:\/\/dypsioncompany.com\/rehobot21\/wp-content\/uploads\/2021\/06\/WEB-LEANDRO-REHOBOTH-2021-11_08-600x50.jpg 600w, https:\/\/dypsioncompany.com\/rehobot21\/wp-content\/uploads\/2021\/06\/WEB-LEANDRO-REHOBOTH-2021-11_08-1024x85.jpg 1024w, https:\/\/dypsioncompany.com\/rehobot21\/wp-content\/uploads\/2021\/06\/WEB-LEANDRO-REHOBOTH-2021-11_08-768x64.jpg 768w, https:\/\/dypsioncompany.com\/rehobot21\/wp-content\/uploads\/2021\/06\/WEB-LEANDRO-REHOBOTH-2021-11_08-1536x128.jpg 1536w, https:\/\/dypsioncompany.com\/rehobot21\/wp-content\/uploads\/2021\/06\/WEB-LEANDRO-REHOBOTH-2021-11_08-1600x133.jpg 1600w, https:\/\/dypsioncompany.com\/rehobot21\/wp-content\/uploads\/2021\/06\/WEB-LEANDRO-REHOBOTH-2021-11_08-1200x100.jpg 1200w, https:\/\/dypsioncompany.com\/rehobot21\/wp-content\/uploads\/2021\/06\/WEB-LEANDRO-REHOBOTH-2021-11_08-900x75.jpg 900w, https:\/\/dypsioncompany.com\/rehobot21\/wp-content\/uploads\/2021\/06\/WEB-LEANDRO-REHOBOTH-2021-11_08-30x3.jpg 30w, https:\/\/dypsioncompany.com\/rehobot21\/wp-content\/uploads\/2021\/06\/WEB-LEANDRO-REHOBOTH-2021-11_08.jpg 1920w\" sizes=\"(max-width: 300px) 100vw, 300px\" \/><\/p>\n","protected":false},"excerpt":{"rendered":"<p>Elimina el 99.9% de las bacterias uso T\u00f3pico<br \/>\nUse el alcohol multiusos REHOBOT en la limpieza de diferentes superficies del hogar u ofiina, proporcionar\u00e1 brillo y agradable aroma a las superficies como electrodom\u00e9sticos, implementos de oficina, ba\u00f1os, etc&#8230;<\/p>\n","protected":false},"featured_media":228,"template":"","meta":[],"_links":{"self":[{"href":"https:\/\/dypsioncompany.com\/rehobot21\/index.php\/wp-json\/wp\/v2\/product\/248"}],"collection":[{"href":"https:\/\/dypsioncompany.com\/rehobot21\/index.php\/wp-json\/wp\/v2\/product"}],"about":[{"href":"https:\/\/dypsioncompany.com\/rehobot21\/index.php\/wp-json\/wp\/v2\/types\/product"}],"wp:featuredmedia":[{"embeddable":true,"href":"https:\/\/dypsioncompany.com\/rehobot21\/index.php\/wp-json\/wp\/v2\/media\/228"}],"wp:attachment":[{"href":"https:\/\/dypsioncompany.com\/rehobot21\/index.php\/wp-json\/wp\/v2\/media?parent=248"}],"curies":[{"name":"wp","href":"https:\/\/api.w.org\/{rel}","templated":true}]}}