{"id":241,"date":"2021-06-06T07:57:40","date_gmt":"2021-06-06T12:57:40","guid":{"rendered":"http:\/\/dypsioncompany.com\/rehobot21\/?post_type=product&#038;p=241"},"modified":"2021-06-28T23:53:36","modified_gmt":"2021-06-29T04:53:36","slug":"jabon-liquido-fusion-de-solido-a-liquido","status":"publish","type":"product","link":"https:\/\/dypsioncompany.com\/rehobot21\/index.php\/producto\/jabon-liquido-fusion-de-solido-a-liquido\/","title":{"rendered":"Jab\u00f3n L\u00edquido Fusi\u00f3n de s\u00f3lido a l\u00edquido"},"content":{"rendered":"<p>Jab\u00f3n L\u00edquido Fusi\u00f3n de s\u00f3lido a l\u00edquido.<\/p>\n<p>Ideal para todas las tareas en el hogar!!!<\/p>\n<p><img loading=\"lazy\" class=\"alignnone size-medium wp-image-24\" src=\"http:\/\/dypsioncompany.com\/rehobot21\/wp-content\/uploads\/2021\/06\/WEB-LEANDRO-REHOBOTH-2021-11_15-300x104.jpg\" alt=\"\" width=\"300\" height=\"104\" srcset=\"https:\/\/dypsioncompany.com\/rehobot21\/wp-content\/uploads\/2021\/06\/WEB-LEANDRO-REHOBOTH-2021-11_15-300x104.jpg 300w, https:\/\/dypsioncompany.com\/rehobot21\/wp-content\/uploads\/2021\/06\/WEB-LEANDRO-REHOBOTH-2021-11_15-600x208.jpg 600w, https:\/\/dypsioncompany.com\/rehobot21\/wp-content\/uploads\/2021\/06\/WEB-LEANDRO-REHOBOTH-2021-11_15-1024x354.jpg 1024w, https:\/\/dypsioncompany.com\/rehobot21\/wp-content\/uploads\/2021\/06\/WEB-LEANDRO-REHOBOTH-2021-11_15-768x266.jpg 768w, https:\/\/dypsioncompany.com\/rehobot21\/wp-content\/uploads\/2021\/06\/WEB-LEANDRO-REHOBOTH-2021-11_15-1536x531.jpg 1536w, https:\/\/dypsioncompany.com\/rehobot21\/wp-content\/uploads\/2021\/06\/WEB-LEANDRO-REHOBOTH-2021-11_15-1600x553.jpg 1600w, https:\/\/dypsioncompany.com\/rehobot21\/wp-content\/uploads\/2021\/06\/WEB-LEANDRO-REHOBOTH-2021-11_15-1200x415.jpg 1200w, https:\/\/dypsioncompany.com\/rehobot21\/wp-content\/uploads\/2021\/06\/WEB-LEANDRO-REHOBOTH-2021-11_15-900x311.jpg 900w, https:\/\/dypsioncompany.com\/rehobot21\/wp-content\/uploads\/2021\/06\/WEB-LEANDRO-REHOBOTH-2021-11_15-30x10.jpg 30w, https:\/\/dypsioncompany.com\/rehobot21\/wp-content\/uploads\/2021\/06\/WEB-LEANDRO-REHOBOTH-2021-11_15.jpg 1920w\" sizes=\"(max-width: 300px) 100vw, 300px\" \/><\/p>\n<p><img loading=\"lazy\" class=\"alignnone size-medium wp-image-17\" src=\"http:\/\/dypsioncompany.com\/rehobot21\/wp-content\/uploads\/2021\/06\/WEB-LEANDRO-REHOBOTH-2021-11_08-300x25.jpg\" alt=\"\" width=\"300\" height=\"25\" srcset=\"https:\/\/dypsioncompany.com\/rehobot21\/wp-content\/uploads\/2021\/06\/WEB-LEANDRO-REHOBOTH-2021-11_08-300x25.jpg 300w, https:\/\/dypsioncompany.com\/rehobot21\/wp-content\/uploads\/2021\/06\/WEB-LEANDRO-REHOBOTH-2021-11_08-600x50.jpg 600w, https:\/\/dypsioncompany.com\/rehobot21\/wp-content\/uploads\/2021\/06\/WEB-LEANDRO-REHOBOTH-2021-11_08-1024x85.jpg 1024w, https:\/\/dypsioncompany.com\/rehobot21\/wp-content\/uploads\/2021\/06\/WEB-LEANDRO-REHOBOTH-2021-11_08-768x64.jpg 768w, https:\/\/dypsioncompany.com\/rehobot21\/wp-content\/uploads\/2021\/06\/WEB-LEANDRO-REHOBOTH-2021-11_08-1536x128.jpg 1536w, https:\/\/dypsioncompany.com\/rehobot21\/wp-content\/uploads\/2021\/06\/WEB-LEANDRO-REHOBOTH-2021-11_08-1600x133.jpg 1600w, https:\/\/dypsioncompany.com\/rehobot21\/wp-content\/uploads\/2021\/06\/WEB-LEANDRO-REHOBOTH-2021-11_08-1200x100.jpg 1200w, https:\/\/dypsioncompany.com\/rehobot21\/wp-content\/uploads\/2021\/06\/WEB-LEANDRO-REHOBOTH-2021-11_08-900x75.jpg 900w, https:\/\/dypsioncompany.com\/rehobot21\/wp-content\/uploads\/2021\/06\/WEB-LEANDRO-REHOBOTH-2021-11_08-30x3.jpg 30w, https:\/\/dypsioncompany.com\/rehobot21\/wp-content\/uploads\/2021\/06\/WEB-LEANDRO-REHOBOTH-2021-11_08.jpg 1920w\" sizes=\"(max-width: 300px) 100vw, 300px\" \/><\/p>\n","protected":false},"excerpt":{"rendered":"<p>Limpia y desengrasa todo tipo de superficies lavables: Pisos, ba\u00f1os y cocinas, entre otras. Se utiliza tambi\u00e9n para el lavado y prelavado de todo tipo de prendas ropa blanca y de color, limpiones y traperos.<\/p>\n","protected":false},"featured_media":222,"template":"","meta":[],"_links":{"self":[{"href":"https:\/\/dypsioncompany.com\/rehobot21\/index.php\/wp-json\/wp\/v2\/product\/241"}],"collection":[{"href":"https:\/\/dypsioncompany.com\/rehobot21\/index.php\/wp-json\/wp\/v2\/product"}],"about":[{"href":"https:\/\/dypsioncompany.com\/rehobot21\/index.php\/wp-json\/wp\/v2\/types\/product"}],"wp:featuredmedia":[{"embeddable":true,"href":"https:\/\/dypsioncompany.com\/rehobot21\/index.php\/wp-json\/wp\/v2\/media\/222"}],"wp:attachment":[{"href":"https:\/\/dypsioncompany.com\/rehobot21\/index.php\/wp-json\/wp\/v2\/media?parent=241"}],"curies":[{"name":"wp","href":"https:\/\/api.w.org\/{rel}","templated":true}]}}