{"id":238,"date":"2021-06-03T20:34:22","date_gmt":"2021-06-04T01:34:22","guid":{"rendered":"http:\/\/dypsioncompany.com\/rehobot21\/?post_type=product&#038;p=238"},"modified":"2021-06-28T23:53:10","modified_gmt":"2021-06-29T04:53:10","slug":"soda-caustica","status":"publish","type":"product","link":"https:\/\/dypsioncompany.com\/rehobot21\/index.php\/producto\/soda-caustica\/","title":{"rendered":"Soda C\u00e1ustica"},"content":{"rendered":"<p>Caustic Soda Rocket<\/p>\n<p><strong>TAPA PUSH DOWN &amp; TURN para su seguridad.<\/strong><\/p>\n<p><img loading=\"lazy\" class=\"alignnone size-medium wp-image-24\" src=\"http:\/\/dypsioncompany.com\/rehobot21\/wp-content\/uploads\/2021\/06\/WEB-LEANDRO-REHOBOTH-2021-11_15-300x104.jpg\" alt=\"\" width=\"300\" height=\"104\" srcset=\"https:\/\/dypsioncompany.com\/rehobot21\/wp-content\/uploads\/2021\/06\/WEB-LEANDRO-REHOBOTH-2021-11_15-300x104.jpg 300w, https:\/\/dypsioncompany.com\/rehobot21\/wp-content\/uploads\/2021\/06\/WEB-LEANDRO-REHOBOTH-2021-11_15-600x208.jpg 600w, https:\/\/dypsioncompany.com\/rehobot21\/wp-content\/uploads\/2021\/06\/WEB-LEANDRO-REHOBOTH-2021-11_15-1024x354.jpg 1024w, https:\/\/dypsioncompany.com\/rehobot21\/wp-content\/uploads\/2021\/06\/WEB-LEANDRO-REHOBOTH-2021-11_15-768x266.jpg 768w, https:\/\/dypsioncompany.com\/rehobot21\/wp-content\/uploads\/2021\/06\/WEB-LEANDRO-REHOBOTH-2021-11_15-1536x531.jpg 1536w, https:\/\/dypsioncompany.com\/rehobot21\/wp-content\/uploads\/2021\/06\/WEB-LEANDRO-REHOBOTH-2021-11_15-1600x553.jpg 1600w, https:\/\/dypsioncompany.com\/rehobot21\/wp-content\/uploads\/2021\/06\/WEB-LEANDRO-REHOBOTH-2021-11_15-1200x415.jpg 1200w, https:\/\/dypsioncompany.com\/rehobot21\/wp-content\/uploads\/2021\/06\/WEB-LEANDRO-REHOBOTH-2021-11_15-900x311.jpg 900w, https:\/\/dypsioncompany.com\/rehobot21\/wp-content\/uploads\/2021\/06\/WEB-LEANDRO-REHOBOTH-2021-11_15-30x10.jpg 30w, https:\/\/dypsioncompany.com\/rehobot21\/wp-content\/uploads\/2021\/06\/WEB-LEANDRO-REHOBOTH-2021-11_15.jpg 1920w\" sizes=\"(max-width: 300px) 100vw, 300px\" \/><\/p>\n<p><img loading=\"lazy\" class=\"alignnone size-medium wp-image-17\" src=\"http:\/\/dypsioncompany.com\/rehobot21\/wp-content\/uploads\/2021\/06\/WEB-LEANDRO-REHOBOTH-2021-11_08-300x25.jpg\" alt=\"\" width=\"300\" height=\"25\" srcset=\"https:\/\/dypsioncompany.com\/rehobot21\/wp-content\/uploads\/2021\/06\/WEB-LEANDRO-REHOBOTH-2021-11_08-300x25.jpg 300w, https:\/\/dypsioncompany.com\/rehobot21\/wp-content\/uploads\/2021\/06\/WEB-LEANDRO-REHOBOTH-2021-11_08-600x50.jpg 600w, https:\/\/dypsioncompany.com\/rehobot21\/wp-content\/uploads\/2021\/06\/WEB-LEANDRO-REHOBOTH-2021-11_08-1024x85.jpg 1024w, https:\/\/dypsioncompany.com\/rehobot21\/wp-content\/uploads\/2021\/06\/WEB-LEANDRO-REHOBOTH-2021-11_08-768x64.jpg 768w, https:\/\/dypsioncompany.com\/rehobot21\/wp-content\/uploads\/2021\/06\/WEB-LEANDRO-REHOBOTH-2021-11_08-1536x128.jpg 1536w, https:\/\/dypsioncompany.com\/rehobot21\/wp-content\/uploads\/2021\/06\/WEB-LEANDRO-REHOBOTH-2021-11_08-1600x133.jpg 1600w, https:\/\/dypsioncompany.com\/rehobot21\/wp-content\/uploads\/2021\/06\/WEB-LEANDRO-REHOBOTH-2021-11_08-1200x100.jpg 1200w, https:\/\/dypsioncompany.com\/rehobot21\/wp-content\/uploads\/2021\/06\/WEB-LEANDRO-REHOBOTH-2021-11_08-900x75.jpg 900w, https:\/\/dypsioncompany.com\/rehobot21\/wp-content\/uploads\/2021\/06\/WEB-LEANDRO-REHOBOTH-2021-11_08-30x3.jpg 30w, https:\/\/dypsioncompany.com\/rehobot21\/wp-content\/uploads\/2021\/06\/WEB-LEANDRO-REHOBOTH-2021-11_08.jpg 1920w\" sizes=\"(max-width: 300px) 100vw, 300px\" \/><\/p>\n","protected":false},"excerpt":{"rendered":"<p>LA SODA C\u00c1USTICA ROCKET se usa en la industria curtidora como desengrasante, en la industria de limpieza como detergente, se utiliza como limpiador en la industria galvanot\u00e9cnica, como decapante en la industria metal mec\u00e1nica y en la industria textil para mercerizaci\u00f3n.<\/p>\n<p>Fragmentos, terrones, barras, lentejas o escamas con fractura cristalina. Deliscuescente e higrosc\u00f3pico, soluble en agua, alcohol y glicerina; ligeramente soluble en \u00e9ter. No es inflamable. Reacciona con algunos metales.<\/p>\n","protected":false},"featured_media":219,"template":"","meta":[],"_links":{"self":[{"href":"https:\/\/dypsioncompany.com\/rehobot21\/index.php\/wp-json\/wp\/v2\/product\/238"}],"collection":[{"href":"https:\/\/dypsioncompany.com\/rehobot21\/index.php\/wp-json\/wp\/v2\/product"}],"about":[{"href":"https:\/\/dypsioncompany.com\/rehobot21\/index.php\/wp-json\/wp\/v2\/types\/product"}],"wp:featuredmedia":[{"embeddable":true,"href":"https:\/\/dypsioncompany.com\/rehobot21\/index.php\/wp-json\/wp\/v2\/media\/219"}],"wp:attachment":[{"href":"https:\/\/dypsioncompany.com\/rehobot21\/index.php\/wp-json\/wp\/v2\/media?parent=238"}],"curies":[{"name":"wp","href":"https:\/\/api.w.org\/{rel}","templated":true}]}}