{"id":492,"date":"2022-01-30T14:39:37","date_gmt":"2022-01-30T19:39:37","guid":{"rendered":"http:\/\/dypsioncompany.com\/rehobot21\/?page_id=492"},"modified":"2022-01-30T19:44:50","modified_gmt":"2022-01-31T00:44:50","slug":"aseo-auto","status":"publish","type":"page","link":"https:\/\/dypsioncompany.com\/rehobot21\/index.php\/aseo-auto\/","title":{"rendered":"aseo Auto"},"content":{"rendered":"\t\t<div data-elementor-type=\"wp-page\" data-elementor-id=\"492\" class=\"elementor elementor-492\" data-elementor-settings=\"[]\">\n\t\t\t\t\t\t\t<div class=\"elementor-section-wrap\">\n\t\t\t\t\t\t\t<section class=\"elementor-section elementor-top-section elementor-element elementor-element-fa5ca09 elementor-section-height-min-height elementor-section-boxed elementor-section-height-default elementor-section-items-middle\" data-id=\"fa5ca09\" data-element_type=\"section\" data-settings=\"{&quot;background_background&quot;:&quot;slideshow&quot;,&quot;background_slideshow_gallery&quot;:[{&quot;id&quot;:493,&quot;url&quot;:&quot;http:\\\/\\\/dypsioncompany.com\\\/rehobot21\\\/wp-content\\\/uploads\\\/2022\\\/01\\\/banner_auto_n.jpg&quot;}],&quot;background_slideshow_loop&quot;:&quot;yes&quot;,&quot;background_slideshow_slide_duration&quot;:5000,&quot;background_slideshow_slide_transition&quot;:&quot;fade&quot;,&quot;background_slideshow_transition_duration&quot;:500}\">\n\t\t\t\t\t\t<div class=\"elementor-container elementor-column-gap-default\">\n\t\t\t\t\t<div class=\"elementor-column elementor-col-100 elementor-top-column elementor-element elementor-element-846537b\" data-id=\"846537b\" data-element_type=\"column\">\n\t\t\t<div class=\"elementor-widget-wrap\">\n\t\t\t\t\t\t\t\t\t<\/div>\n\t\t<\/div>\n\t\t\t\t\t\t\t<\/div>\n\t\t<\/section>\n\t\t\t\t<section class=\"elementor-section elementor-top-section elementor-element elementor-element-c9d4f3f elementor-section-boxed elementor-section-height-default elementor-section-height-default\" data-id=\"c9d4f3f\" data-element_type=\"section\">\n\t\t\t\t\t\t<div class=\"elementor-container elementor-column-gap-default\">\n\t\t\t\t\t<div class=\"elementor-column elementor-col-25 elementor-top-column elementor-element elementor-element-a4c5a1c\" data-id=\"a4c5a1c\" data-element_type=\"column\">\n\t\t\t<div class=\"elementor-widget-wrap\">\n\t\t\t\t\t\t\t\t\t<\/div>\n\t\t<\/div>\n\t\t\t\t<div class=\"elementor-column elementor-col-50 elementor-top-column elementor-element elementor-element-e4a06b0\" data-id=\"e4a06b0\" data-element_type=\"column\">\n\t\t\t<div class=\"elementor-widget-wrap elementor-element-populated\">\n\t\t\t\t\t\t\t\t<div class=\"elementor-element elementor-element-36aa5e6 elementor-widget elementor-widget-heading\" data-id=\"36aa5e6\" data-element_type=\"widget\" data-widget_type=\"heading.default\">\n\t\t\t\t<div class=\"elementor-widget-container\">\n\t\t\t<h2 class=\"elementor-heading-title elementor-size-default\">PARA EL AUTO<\/h2>\t\t<\/div>\n\t\t\t\t<\/div>\n\t\t\t\t<div class=\"elementor-element elementor-element-647b602 elementor-widget-divider--view-line elementor-widget elementor-widget-divider\" data-id=\"647b602\" data-element_type=\"widget\" data-widget_type=\"divider.default\">\n\t\t\t\t<div class=\"elementor-widget-container\">\n\t\t\t\t\t<div class=\"elementor-divider\">\n\t\t\t<span class=\"elementor-divider-separator\">\n\t\t\t\t\t\t<\/span>\n\t\t<\/div>\n\t\t\t\t<\/div>\n\t\t\t\t<\/div>\n\t\t\t\t<div class=\"elementor-element elementor-element-97cf1fb elementor-widget elementor-widget-text-editor\" data-id=\"97cf1fb\" data-element_type=\"widget\" data-widget_type=\"text-editor.default\">\n\t\t\t\t<div class=\"elementor-widget-container\">\n\t\t\t\t\t\t\t\t<p style=\"text-align: center;\">Aseo y Herramientas Rehoboth para el Carro<\/p>\t\t\t\t\t\t<\/div>\n\t\t\t\t<\/div>\n\t\t\t\t<div class=\"elementor-element elementor-element-37ed57a elementor-widget elementor-widget-text-editor\" data-id=\"37ed57a\" data-element_type=\"widget\" data-widget_type=\"text-editor.default\">\n\t\t\t\t<div class=\"elementor-widget-container\">\n\t\t\t\t\t\t\t\t<p style=\"text-align: center;\">Encuentra una amplia gama de f\u00f3rmulas especializadas para cuidar de forma pr\u00e1ctica, sencilla y econ\u00f3mica su automovil<\/p>\t\t\t\t\t\t<\/div>\n\t\t\t\t<\/div>\n\t\t\t\t\t<\/div>\n\t\t<\/div>\n\t\t\t\t<div class=\"elementor-column elementor-col-25 elementor-top-column elementor-element elementor-element-1e2c7fc\" data-id=\"1e2c7fc\" data-element_type=\"column\">\n\t\t\t<div class=\"elementor-widget-wrap\">\n\t\t\t\t\t\t\t\t\t<\/div>\n\t\t<\/div>\n\t\t\t\t\t\t\t<\/div>\n\t\t<\/section>\n\t\t\t\t<section class=\"elementor-section elementor-top-section elementor-element elementor-element-b34b71f elementor-section-boxed elementor-section-height-default elementor-section-height-default\" data-id=\"b34b71f\" data-element_type=\"section\">\n\t\t\t\t\t\t<div class=\"elementor-container elementor-column-gap-default\">\n\t\t\t\t\t<div class=\"elementor-column elementor-col-100 elementor-top-column elementor-element elementor-element-4e6406c\" data-id=\"4e6406c\" data-element_type=\"column\">\n\t\t\t<div class=\"elementor-widget-wrap elementor-element-populated\">\n\t\t\t\t\t\t\t\t<div class=\"elementor-element elementor-element-a245805 gallery-spacing-custom elementor-widget elementor-widget-image-gallery\" data-id=\"a245805\" data-element_type=\"widget\" data-widget_type=\"image-gallery.default\">\n\t\t\t\t<div class=\"elementor-widget-container\">\n\t\t\t\t\t<div class=\"elementor-image-gallery\">\n\t\t\t<div id='gallery-1' class='gallery galleryid-492 gallery-columns-3 gallery-size-medium_large'><figure class='gallery-item'>\n\t\t\t<div class='gallery-icon portrait'>\n\t\t\t\t<a data-elementor-open-lightbox=\"yes\" data-elementor-lightbox-slideshow=\"a245805\" data-elementor-lightbox-title=\"CATALOGO-REHOBOTH-2021-23\" href='https:\/\/dypsioncompany.com\/rehobot21\/wp-content\/uploads\/2021\/06\/CATALOGO-REHOBOTH-2021-23-scaled.jpg'><img width=\"768\" height=\"994\" src=\"https:\/\/dypsioncompany.com\/rehobot21\/wp-content\/uploads\/2021\/06\/CATALOGO-REHOBOTH-2021-23-768x994.jpg\" class=\"attachment-medium_large size-medium_large\" alt=\"\" loading=\"lazy\" srcset=\"https:\/\/dypsioncompany.com\/rehobot21\/wp-content\/uploads\/2021\/06\/CATALOGO-REHOBOTH-2021-23-768x994.jpg 768w, https:\/\/dypsioncompany.com\/rehobot21\/wp-content\/uploads\/2021\/06\/CATALOGO-REHOBOTH-2021-23-scaled-600x777.jpg 600w, https:\/\/dypsioncompany.com\/rehobot21\/wp-content\/uploads\/2021\/06\/CATALOGO-REHOBOTH-2021-23-464x600.jpg 464w, https:\/\/dypsioncompany.com\/rehobot21\/wp-content\/uploads\/2021\/06\/CATALOGO-REHOBOTH-2021-23-791x1024.jpg 791w, https:\/\/dypsioncompany.com\/rehobot21\/wp-content\/uploads\/2021\/06\/CATALOGO-REHOBOTH-2021-23-1187x1536.jpg 1187w, https:\/\/dypsioncompany.com\/rehobot21\/wp-content\/uploads\/2021\/06\/CATALOGO-REHOBOTH-2021-23-1583x2048.jpg 1583w, https:\/\/dypsioncompany.com\/rehobot21\/wp-content\/uploads\/2021\/06\/CATALOGO-REHOBOTH-2021-23-scaled.jpg 1978w\" sizes=\"(max-width: 768px) 100vw, 768px\" \/><\/a>\n\t\t\t<\/div><\/figure><figure class='gallery-item'>\n\t\t\t<div class='gallery-icon portrait'>\n\t\t\t\t<a data-elementor-open-lightbox=\"yes\" data-elementor-lightbox-slideshow=\"a245805\" data-elementor-lightbox-title=\"CATALOGO-REHOBOTH-2021-24\" href='https:\/\/dypsioncompany.com\/rehobot21\/wp-content\/uploads\/2021\/06\/CATALOGO-REHOBOTH-2021-24.jpg'><img width=\"768\" height=\"994\" src=\"https:\/\/dypsioncompany.com\/rehobot21\/wp-content\/uploads\/2021\/06\/CATALOGO-REHOBOTH-2021-24-768x994.jpg\" class=\"attachment-medium_large size-medium_large\" alt=\"\" loading=\"lazy\" srcset=\"https:\/\/dypsioncompany.com\/rehobot21\/wp-content\/uploads\/2021\/06\/CATALOGO-REHOBOTH-2021-24-768x994.jpg 768w, https:\/\/dypsioncompany.com\/rehobot21\/wp-content\/uploads\/2021\/06\/CATALOGO-REHOBOTH-2021-24-600x776.jpg 600w, https:\/\/dypsioncompany.com\/rehobot21\/wp-content\/uploads\/2021\/06\/CATALOGO-REHOBOTH-2021-24-464x600.jpg 464w, https:\/\/dypsioncompany.com\/rehobot21\/wp-content\/uploads\/2021\/06\/CATALOGO-REHOBOTH-2021-24-791x1024.jpg 791w, https:\/\/dypsioncompany.com\/rehobot21\/wp-content\/uploads\/2021\/06\/CATALOGO-REHOBOTH-2021-24-1187x1536.jpg 1187w, https:\/\/dypsioncompany.com\/rehobot21\/wp-content\/uploads\/2021\/06\/CATALOGO-REHOBOTH-2021-24-1583x2048.jpg 1583w, https:\/\/dypsioncompany.com\/rehobot21\/wp-content\/uploads\/2021\/06\/CATALOGO-REHOBOTH-2021-24.jpg 1700w\" sizes=\"(max-width: 768px) 100vw, 768px\" \/><\/a>\n\t\t\t<\/div><\/figure><figure class='gallery-item'>\n\t\t\t<div class='gallery-icon portrait'>\n\t\t\t\t<a data-elementor-open-lightbox=\"yes\" data-elementor-lightbox-slideshow=\"a245805\" data-elementor-lightbox-title=\"CATALOGO-REHOBOTH-2021-22\" href='https:\/\/dypsioncompany.com\/rehobot21\/wp-content\/uploads\/2021\/06\/CATALOGO-REHOBOTH-2021-22-scaled.jpg'><img width=\"768\" height=\"994\" src=\"https:\/\/dypsioncompany.com\/rehobot21\/wp-content\/uploads\/2021\/06\/CATALOGO-REHOBOTH-2021-22-768x994.jpg\" class=\"attachment-medium_large size-medium_large\" alt=\"\" loading=\"lazy\" srcset=\"https:\/\/dypsioncompany.com\/rehobot21\/wp-content\/uploads\/2021\/06\/CATALOGO-REHOBOTH-2021-22-768x994.jpg 768w, https:\/\/dypsioncompany.com\/rehobot21\/wp-content\/uploads\/2021\/06\/CATALOGO-REHOBOTH-2021-22-scaled-600x777.jpg 600w, https:\/\/dypsioncompany.com\/rehobot21\/wp-content\/uploads\/2021\/06\/CATALOGO-REHOBOTH-2021-22-464x600.jpg 464w, https:\/\/dypsioncompany.com\/rehobot21\/wp-content\/uploads\/2021\/06\/CATALOGO-REHOBOTH-2021-22-791x1024.jpg 791w, https:\/\/dypsioncompany.com\/rehobot21\/wp-content\/uploads\/2021\/06\/CATALOGO-REHOBOTH-2021-22-1187x1536.jpg 1187w, https:\/\/dypsioncompany.com\/rehobot21\/wp-content\/uploads\/2021\/06\/CATALOGO-REHOBOTH-2021-22-1583x2048.jpg 1583w, https:\/\/dypsioncompany.com\/rehobot21\/wp-content\/uploads\/2021\/06\/CATALOGO-REHOBOTH-2021-22-scaled.jpg 1978w\" sizes=\"(max-width: 768px) 100vw, 768px\" \/><\/a>\n\t\t\t<\/div><\/figure><figure class='gallery-item'>\n\t\t\t<div class='gallery-icon portrait'>\n\t\t\t\t<a data-elementor-open-lightbox=\"yes\" data-elementor-lightbox-slideshow=\"a245805\" data-elementor-lightbox-title=\"CATALOGO-REHOBOTH-2021-21\" href='https:\/\/dypsioncompany.com\/rehobot21\/wp-content\/uploads\/2021\/06\/CATALOGO-REHOBOTH-2021-21-scaled.jpg'><img width=\"768\" height=\"994\" src=\"https:\/\/dypsioncompany.com\/rehobot21\/wp-content\/uploads\/2021\/06\/CATALOGO-REHOBOTH-2021-21-768x994.jpg\" class=\"attachment-medium_large size-medium_large\" alt=\"\" loading=\"lazy\" srcset=\"https:\/\/dypsioncompany.com\/rehobot21\/wp-content\/uploads\/2021\/06\/CATALOGO-REHOBOTH-2021-21-768x994.jpg 768w, https:\/\/dypsioncompany.com\/rehobot21\/wp-content\/uploads\/2021\/06\/CATALOGO-REHOBOTH-2021-21-scaled-600x777.jpg 600w, https:\/\/dypsioncompany.com\/rehobot21\/wp-content\/uploads\/2021\/06\/CATALOGO-REHOBOTH-2021-21-464x600.jpg 464w, https:\/\/dypsioncompany.com\/rehobot21\/wp-content\/uploads\/2021\/06\/CATALOGO-REHOBOTH-2021-21-791x1024.jpg 791w, https:\/\/dypsioncompany.com\/rehobot21\/wp-content\/uploads\/2021\/06\/CATALOGO-REHOBOTH-2021-21-1187x1536.jpg 1187w, https:\/\/dypsioncompany.com\/rehobot21\/wp-content\/uploads\/2021\/06\/CATALOGO-REHOBOTH-2021-21-1583x2048.jpg 1583w, https:\/\/dypsioncompany.com\/rehobot21\/wp-content\/uploads\/2021\/06\/CATALOGO-REHOBOTH-2021-21-scaled.jpg 1978w\" sizes=\"(max-width: 768px) 100vw, 768px\" \/><\/a>\n\t\t\t<\/div><\/figure><figure class='gallery-item'>\n\t\t\t<div class='gallery-icon portrait'>\n\t\t\t\t<a data-elementor-open-lightbox=\"yes\" data-elementor-lightbox-slideshow=\"a245805\" data-elementor-lightbox-title=\"CATALOGO-REHOBOTH-2021-20\" href='https:\/\/dypsioncompany.com\/rehobot21\/wp-content\/uploads\/2021\/06\/CATALOGO-REHOBOTH-2021-20-scaled.jpg'><img width=\"768\" height=\"994\" src=\"https:\/\/dypsioncompany.com\/rehobot21\/wp-content\/uploads\/2021\/06\/CATALOGO-REHOBOTH-2021-20-768x994.jpg\" class=\"attachment-medium_large size-medium_large\" alt=\"\" loading=\"lazy\" srcset=\"https:\/\/dypsioncompany.com\/rehobot21\/wp-content\/uploads\/2021\/06\/CATALOGO-REHOBOTH-2021-20-768x994.jpg 768w, https:\/\/dypsioncompany.com\/rehobot21\/wp-content\/uploads\/2021\/06\/CATALOGO-REHOBOTH-2021-20-scaled-600x777.jpg 600w, https:\/\/dypsioncompany.com\/rehobot21\/wp-content\/uploads\/2021\/06\/CATALOGO-REHOBOTH-2021-20-464x600.jpg 464w, https:\/\/dypsioncompany.com\/rehobot21\/wp-content\/uploads\/2021\/06\/CATALOGO-REHOBOTH-2021-20-791x1024.jpg 791w, https:\/\/dypsioncompany.com\/rehobot21\/wp-content\/uploads\/2021\/06\/CATALOGO-REHOBOTH-2021-20-1187x1536.jpg 1187w, https:\/\/dypsioncompany.com\/rehobot21\/wp-content\/uploads\/2021\/06\/CATALOGO-REHOBOTH-2021-20-1583x2048.jpg 1583w, https:\/\/dypsioncompany.com\/rehobot21\/wp-content\/uploads\/2021\/06\/CATALOGO-REHOBOTH-2021-20-scaled.jpg 1978w\" sizes=\"(max-width: 768px) 100vw, 768px\" \/><\/a>\n\t\t\t<\/div><\/figure><figure class='gallery-item'>\n\t\t\t<div class='gallery-icon portrait'>\n\t\t\t\t<a data-elementor-open-lightbox=\"yes\" data-elementor-lightbox-slideshow=\"a245805\" data-elementor-lightbox-title=\"CATALOGO-REHOBOTH-2021-19\" href='https:\/\/dypsioncompany.com\/rehobot21\/wp-content\/uploads\/2021\/06\/CATALOGO-REHOBOTH-2021-19-scaled.jpg'><img width=\"768\" height=\"994\" src=\"https:\/\/dypsioncompany.com\/rehobot21\/wp-content\/uploads\/2021\/06\/CATALOGO-REHOBOTH-2021-19-768x994.jpg\" class=\"attachment-medium_large size-medium_large\" alt=\"\" loading=\"lazy\" srcset=\"https:\/\/dypsioncompany.com\/rehobot21\/wp-content\/uploads\/2021\/06\/CATALOGO-REHOBOTH-2021-19-768x994.jpg 768w, https:\/\/dypsioncompany.com\/rehobot21\/wp-content\/uploads\/2021\/06\/CATALOGO-REHOBOTH-2021-19-scaled-600x777.jpg 600w, https:\/\/dypsioncompany.com\/rehobot21\/wp-content\/uploads\/2021\/06\/CATALOGO-REHOBOTH-2021-19-464x600.jpg 464w, https:\/\/dypsioncompany.com\/rehobot21\/wp-content\/uploads\/2021\/06\/CATALOGO-REHOBOTH-2021-19-791x1024.jpg 791w, https:\/\/dypsioncompany.com\/rehobot21\/wp-content\/uploads\/2021\/06\/CATALOGO-REHOBOTH-2021-19-1187x1536.jpg 1187w, https:\/\/dypsioncompany.com\/rehobot21\/wp-content\/uploads\/2021\/06\/CATALOGO-REHOBOTH-2021-19-1583x2048.jpg 1583w, https:\/\/dypsioncompany.com\/rehobot21\/wp-content\/uploads\/2021\/06\/CATALOGO-REHOBOTH-2021-19-scaled.jpg 1978w\" sizes=\"(max-width: 768px) 100vw, 768px\" \/><\/a>\n\t\t\t<\/div><\/figure><figure class='gallery-item'>\n\t\t\t<div class='gallery-icon portrait'>\n\t\t\t\t<a data-elementor-open-lightbox=\"yes\" data-elementor-lightbox-slideshow=\"a245805\" data-elementor-lightbox-title=\"CATALOGO-REHOBOTH-2021-18\" href='https:\/\/dypsioncompany.com\/rehobot21\/wp-content\/uploads\/2021\/06\/CATALOGO-REHOBOTH-2021-18-scaled.jpg'><img width=\"768\" height=\"994\" src=\"https:\/\/dypsioncompany.com\/rehobot21\/wp-content\/uploads\/2021\/06\/CATALOGO-REHOBOTH-2021-18-768x994.jpg\" class=\"attachment-medium_large size-medium_large\" alt=\"\" loading=\"lazy\" srcset=\"https:\/\/dypsioncompany.com\/rehobot21\/wp-content\/uploads\/2021\/06\/CATALOGO-REHOBOTH-2021-18-768x994.jpg 768w, https:\/\/dypsioncompany.com\/rehobot21\/wp-content\/uploads\/2021\/06\/CATALOGO-REHOBOTH-2021-18-scaled-600x777.jpg 600w, https:\/\/dypsioncompany.com\/rehobot21\/wp-content\/uploads\/2021\/06\/CATALOGO-REHOBOTH-2021-18-464x600.jpg 464w, https:\/\/dypsioncompany.com\/rehobot21\/wp-content\/uploads\/2021\/06\/CATALOGO-REHOBOTH-2021-18-791x1024.jpg 791w, https:\/\/dypsioncompany.com\/rehobot21\/wp-content\/uploads\/2021\/06\/CATALOGO-REHOBOTH-2021-18-1187x1536.jpg 1187w, https:\/\/dypsioncompany.com\/rehobot21\/wp-content\/uploads\/2021\/06\/CATALOGO-REHOBOTH-2021-18-1583x2048.jpg 1583w, https:\/\/dypsioncompany.com\/rehobot21\/wp-content\/uploads\/2021\/06\/CATALOGO-REHOBOTH-2021-18-scaled.jpg 1978w\" sizes=\"(max-width: 768px) 100vw, 768px\" \/><\/a>\n\t\t\t<\/div><\/figure>\n\t\t<\/div>\n\t\t<\/div>\n\t\t\t\t<\/div>\n\t\t\t\t<\/div>\n\t\t\t\t\t<\/div>\n\t\t<\/div>\n\t\t\t\t\t\t\t<\/div>\n\t\t<\/section>\n\t\t\t\t<section class=\"elementor-section elementor-top-section elementor-element elementor-element-4fb0fc7 elementor-section-boxed elementor-section-height-default elementor-section-height-default\" data-id=\"4fb0fc7\" data-element_type=\"section\">\n\t\t\t\t\t\t<div class=\"elementor-container elementor-column-gap-default\">\n\t\t\t\t\t<div class=\"elementor-column elementor-col-25 elementor-top-column elementor-element elementor-element-88014f8\" data-id=\"88014f8\" data-element_type=\"column\">\n\t\t\t<div class=\"elementor-widget-wrap\">\n\t\t\t\t\t\t\t\t\t<\/div>\n\t\t<\/div>\n\t\t\t\t<div class=\"elementor-column elementor-col-50 elementor-top-column elementor-element elementor-element-ef8ae47\" data-id=\"ef8ae47\" data-element_type=\"column\">\n\t\t\t<div class=\"elementor-widget-wrap elementor-element-populated\">\n\t\t\t\t\t\t\t\t<div class=\"elementor-element elementor-element-d3029eb elementor-widget elementor-widget-heading\" data-id=\"d3029eb\" data-element_type=\"widget\" data-widget_type=\"heading.default\">\n\t\t\t\t<div class=\"elementor-widget-container\">\n\t\t\t<h2 class=\"elementor-heading-title elementor-size-default\">MAS CATEGOR\u00cdAS<\/h2>\t\t<\/div>\n\t\t\t\t<\/div>\n\t\t\t\t<div class=\"elementor-element elementor-element-eaccddb elementor-widget-divider--view-line elementor-widget elementor-widget-divider\" data-id=\"eaccddb\" data-element_type=\"widget\" data-widget_type=\"divider.default\">\n\t\t\t\t<div class=\"elementor-widget-container\">\n\t\t\t\t\t<div class=\"elementor-divider\">\n\t\t\t<span class=\"elementor-divider-separator\">\n\t\t\t\t\t\t<\/span>\n\t\t<\/div>\n\t\t\t\t<\/div>\n\t\t\t\t<\/div>\n\t\t\t\t\t<\/div>\n\t\t<\/div>\n\t\t\t\t<div class=\"elementor-column elementor-col-25 elementor-top-column elementor-element elementor-element-ab03428\" data-id=\"ab03428\" data-element_type=\"column\">\n\t\t\t<div class=\"elementor-widget-wrap\">\n\t\t\t\t\t\t\t\t\t<\/div>\n\t\t<\/div>\n\t\t\t\t\t\t\t<\/div>\n\t\t<\/section>\n\t\t\t\t<section class=\"elementor-section elementor-top-section elementor-element elementor-element-250fd34 elementor-section-boxed elementor-section-height-default elementor-section-height-default\" data-id=\"250fd34\" data-element_type=\"section\">\n\t\t\t\t\t\t<div class=\"elementor-container elementor-column-gap-default\">\n\t\t\t\t\t<div class=\"elementor-column elementor-col-20 elementor-top-column elementor-element elementor-element-be95678\" data-id=\"be95678\" data-element_type=\"column\">\n\t\t\t<div class=\"elementor-widget-wrap\">\n\t\t\t\t\t\t\t\t\t<\/div>\n\t\t<\/div>\n\t\t\t\t<div class=\"elementor-column elementor-col-20 elementor-top-column elementor-element elementor-element-01d2cd9\" data-id=\"01d2cd9\" data-element_type=\"column\">\n\t\t\t<div class=\"elementor-widget-wrap elementor-element-populated\">\n\t\t\t\t\t\t\t\t<div class=\"elementor-element elementor-element-d1206cb elementor-widget elementor-widget-image\" data-id=\"d1206cb\" data-element_type=\"widget\" data-widget_type=\"image.default\">\n\t\t\t\t<div class=\"elementor-widget-container\">\n\t\t\t\t\t\t\t\t\t\t\t\t<figure class=\"wp-caption\">\n\t\t\t\t\t\t\t\t\t\t\t<a href=\"http:\/\/dypsioncompany.com\/rehobot21\/index.php\/aseo-oficina\/\">\n\t\t\t\t\t\t\t<img src=\"https:\/\/dypsioncompany.com\/rehobot21\/wp-content\/uploads\/2021\/06\/icono-ofic-rehoboth-1c.png\" title=\"icono-ofic-rehoboth-1c\" alt=\"icono-ofic-rehoboth-1c\" \/>\t\t\t\t\t\t\t\t<\/a>\n\t\t\t\t\t\t\t\t\t\t\t<figcaption class=\"widget-image-caption wp-caption-text\">Aseo para la Oficina<\/figcaption>\n\t\t\t\t\t\t\t\t\t\t<\/figure>\n\t\t\t\t\t\t\t\t\t<\/div>\n\t\t\t\t<\/div>\n\t\t\t\t\t<\/div>\n\t\t<\/div>\n\t\t\t\t<div class=\"elementor-column elementor-col-20 elementor-top-column elementor-element elementor-element-7ba0ebe\" data-id=\"7ba0ebe\" data-element_type=\"column\">\n\t\t\t<div class=\"elementor-widget-wrap elementor-element-populated\">\n\t\t\t\t\t\t\t\t<div class=\"elementor-element elementor-element-c9f153f elementor-widget elementor-widget-image\" data-id=\"c9f153f\" data-element_type=\"widget\" data-widget_type=\"image.default\">\n\t\t\t\t<div class=\"elementor-widget-container\">\n\t\t\t\t\t\t\t\t\t\t\t\t<figure class=\"wp-caption\">\n\t\t\t\t\t\t\t\t\t\t\t<a href=\"http:\/\/dypsioncompany.com\/rehobot21\/index.php\/aseo-hogar\/\">\n\t\t\t\t\t\t\t<img src=\"https:\/\/dypsioncompany.com\/rehobot21\/wp-content\/uploads\/2021\/06\/icono-home-rehoboth-1b.png\" title=\"icono-home-rehoboth-1b\" alt=\"icono-home-rehoboth-1b\" \/>\t\t\t\t\t\t\t\t<\/a>\n\t\t\t\t\t\t\t\t\t\t\t<figcaption class=\"widget-image-caption wp-caption-text\">Aseo para el hogar<\/figcaption>\n\t\t\t\t\t\t\t\t\t\t<\/figure>\n\t\t\t\t\t\t\t\t\t<\/div>\n\t\t\t\t<\/div>\n\t\t\t\t\t<\/div>\n\t\t<\/div>\n\t\t\t\t<div class=\"elementor-column elementor-col-20 elementor-top-column elementor-element elementor-element-b613687\" data-id=\"b613687\" data-element_type=\"column\">\n\t\t\t<div class=\"elementor-widget-wrap elementor-element-populated\">\n\t\t\t\t\t\t\t\t<div class=\"elementor-element elementor-element-b3d7586 elementor-widget elementor-widget-image\" data-id=\"b3d7586\" data-element_type=\"widget\" data-widget_type=\"image.default\">\n\t\t\t\t<div class=\"elementor-widget-container\">\n\t\t\t\t\t\t\t\t\t\t\t\t<figure class=\"wp-caption\">\n\t\t\t\t\t\t\t\t\t\t\t<a href=\"http:\/\/dypsioncompany.com\/rehobot21\/index.php\/aseo-industria\/\">\n\t\t\t\t\t\t\t<img src=\"https:\/\/dypsioncompany.com\/rehobot21\/wp-content\/uploads\/2021\/06\/icono-industria-rehoboth-1b.png\" title=\"icono-industria-rehoboth-1b\" alt=\"icono-industria-rehoboth-1b\" \/>\t\t\t\t\t\t\t\t<\/a>\n\t\t\t\t\t\t\t\t\t\t\t<figcaption class=\"widget-image-caption wp-caption-text\">Aseo para la Industria<\/figcaption>\n\t\t\t\t\t\t\t\t\t\t<\/figure>\n\t\t\t\t\t\t\t\t\t<\/div>\n\t\t\t\t<\/div>\n\t\t\t\t\t<\/div>\n\t\t<\/div>\n\t\t\t\t<div class=\"elementor-column elementor-col-20 elementor-top-column elementor-element elementor-element-4891a26\" data-id=\"4891a26\" data-element_type=\"column\">\n\t\t\t<div class=\"elementor-widget-wrap\">\n\t\t\t\t\t\t\t\t\t<\/div>\n\t\t<\/div>\n\t\t\t\t\t\t\t<\/div>\n\t\t<\/section>\n\t\t\t\t<section class=\"elementor-section elementor-top-section elementor-element elementor-element-19806f8 elementor-section-boxed elementor-section-height-default elementor-section-height-default\" data-id=\"19806f8\" data-element_type=\"section\">\n\t\t\t\t\t\t<div class=\"elementor-container elementor-column-gap-default\">\n\t\t\t\t\t<div class=\"elementor-column elementor-col-25 elementor-top-column elementor-element elementor-element-6904897\" data-id=\"6904897\" data-element_type=\"column\">\n\t\t\t<div class=\"elementor-widget-wrap\">\n\t\t\t\t\t\t\t\t\t<\/div>\n\t\t<\/div>\n\t\t\t\t<div class=\"elementor-column elementor-col-50 elementor-top-column elementor-element elementor-element-8c9b1b6\" data-id=\"8c9b1b6\" data-element_type=\"column\">\n\t\t\t<div class=\"elementor-widget-wrap elementor-element-populated\">\n\t\t\t\t\t\t\t\t<div class=\"elementor-element elementor-element-8d14219 elementor-widget elementor-widget-image\" data-id=\"8d14219\" data-element_type=\"widget\" data-widget_type=\"image.default\">\n\t\t\t\t<div class=\"elementor-widget-container\">\n\t\t\t\t\t\t\t\t\t\t\t\t\t\t\t<img width=\"300\" height=\"225\" src=\"https:\/\/dypsioncompany.com\/rehobot21\/wp-content\/uploads\/2021\/09\/logo-DISTRIB-rehobothaseox400.png\" class=\"attachment-medium size-medium\" alt=\"\" loading=\"lazy\" \/>\t\t\t\t\t\t\t\t\t\t\t\t\t\t\t<\/div>\n\t\t\t\t<\/div>\n\t\t\t\t\t<\/div>\n\t\t<\/div>\n\t\t\t\t<div class=\"elementor-column elementor-col-25 elementor-top-column elementor-element elementor-element-e34a854\" data-id=\"e34a854\" data-element_type=\"column\">\n\t\t\t<div class=\"elementor-widget-wrap\">\n\t\t\t\t\t\t\t\t\t<\/div>\n\t\t<\/div>\n\t\t\t\t\t\t\t<\/div>\n\t\t<\/section>\n\t\t\t\t\t\t<\/div>\n\t\t\t\t\t<\/div>\n\t\t","protected":false},"excerpt":{"rendered":"<p>PARA EL AUTO Aseo y Herramientas Rehoboth para el Carro Encuentra una amplia gama de f\u00f3rmulas especializadas para cuidar de forma pr\u00e1ctica, sencilla y econ\u00f3mica su automovil MAS CATEGOR\u00cdAS Aseo para la Oficina Aseo para el hogar Aseo para la Industria<\/p>\n","protected":false},"author":1,"featured_media":493,"parent":0,"menu_order":0,"comment_status":"closed","ping_status":"closed","template":"elementor_header_footer","meta":[],"_links":{"self":[{"href":"https:\/\/dypsioncompany.com\/rehobot21\/index.php\/wp-json\/wp\/v2\/pages\/492"}],"collection":[{"href":"https:\/\/dypsioncompany.com\/rehobot21\/index.php\/wp-json\/wp\/v2\/pages"}],"about":[{"href":"https:\/\/dypsioncompany.com\/rehobot21\/index.php\/wp-json\/wp\/v2\/types\/page"}],"author":[{"embeddable":true,"href":"https:\/\/dypsioncompany.com\/rehobot21\/index.php\/wp-json\/wp\/v2\/users\/1"}],"replies":[{"embeddable":true,"href":"https:\/\/dypsioncompany.com\/rehobot21\/index.php\/wp-json\/wp\/v2\/comments?post=492"}],"version-history":[{"count":37,"href":"https:\/\/dypsioncompany.com\/rehobot21\/index.php\/wp-json\/wp\/v2\/pages\/492\/revisions"}],"predecessor-version":[{"id":547,"href":"https:\/\/dypsioncompany.com\/rehobot21\/index.php\/wp-json\/wp\/v2\/pages\/492\/revisions\/547"}],"wp:featuredmedia":[{"embeddable":true,"href":"https:\/\/dypsioncompany.com\/rehobot21\/index.php\/wp-json\/wp\/v2\/media\/493"}],"wp:attachment":[{"href":"https:\/\/dypsioncompany.com\/rehobot21\/index.php\/wp-json\/wp\/v2\/media?parent=492"}],"curies":[{"name":"wp","href":"https:\/\/api.w.org\/{rel}","templated":true}]}}