{"id":399,"date":"2022-01-30T19:46:33","date_gmt":"2022-01-31T00:46:33","guid":{"rendered":"http:\/\/dypsioncompany.com\/rehobot21\/?page_id=399"},"modified":"2022-01-31T00:17:10","modified_gmt":"2022-01-31T05:17:10","slug":"aseo-oficina","status":"publish","type":"page","link":"https:\/\/dypsioncompany.com\/rehobot21\/index.php\/aseo-oficina\/","title":{"rendered":"Aseo Oficina"},"content":{"rendered":"<p><img src=\"http:\/\/dypsioncompany.com\/rehobot21\/wp-content\/uploads\/2021\/09\/logo-limpiador-rehobothaseox400.png\" alt=\"\" loading=\"lazy\" width=\"400\" height=\"300\"><\/p>\n<h2>PARA LA OFICINA<\/h2>\n<p style=\"text-align: center;\">Aseo Rehoboth Clean para la oficina<\/p>\n<p style=\"text-align: center;\">Encuentra una amplia gama de f\u00f3rmulas especializadas para su sitio de trabajo, y as\u00ed cuidar de forma pr\u00e1ctica, sencilla y econ\u00f3mica cada espacio.<\/p>\n<figure class=\"gallery-item\">\n\t\t\t\t<a data-elementor-open-lightbox=\"yes\" data-elementor-lightbox-slideshow=\"c3c94d9\" data-elementor-lightbox-title=\"CATALOGO-REHOBOTH-2021-8\" data-elementor-lightbox-description=\"Ultra Desengrasante\" href=\"http:\/\/dypsioncompany.com\/rehobot21\/wp-content\/uploads\/2021\/06\/CATALOGO-REHOBOTH-2021-8-scaled.jpg\"><img src=\"http:\/\/dypsioncompany.com\/rehobot21\/wp-content\/uploads\/2021\/06\/CATALOGO-REHOBOTH-2021-8-768x994.jpg\" alt=\"\" loading=\"lazy\" aria-describedby=\"gallery-1-224\" srcset=\"http:\/\/dypsioncompany.com\/rehobot21\/wp-content\/uploads\/2021\/06\/CATALOGO-REHOBOTH-2021-8-768x994.jpg 768w, http:\/\/dypsioncompany.com\/rehobot21\/wp-content\/uploads\/2021\/06\/CATALOGO-REHOBOTH-2021-8-scaled-600x777.jpg 600w, http:\/\/dypsioncompany.com\/rehobot21\/wp-content\/uploads\/2021\/06\/CATALOGO-REHOBOTH-2021-8-464x600.jpg 464w, http:\/\/dypsioncompany.com\/rehobot21\/wp-content\/uploads\/2021\/06\/CATALOGO-REHOBOTH-2021-8-791x1024.jpg 791w, http:\/\/dypsioncompany.com\/rehobot21\/wp-content\/uploads\/2021\/06\/CATALOGO-REHOBOTH-2021-8-1187x1536.jpg 1187w, http:\/\/dypsioncompany.com\/rehobot21\/wp-content\/uploads\/2021\/06\/CATALOGO-REHOBOTH-2021-8-1583x2048.jpg 1583w, http:\/\/dypsioncompany.com\/rehobot21\/wp-content\/uploads\/2021\/06\/CATALOGO-REHOBOTH-2021-8-scaled.jpg 1978w\" sizes=\"(max-width: 768px) 100vw, 768px\" width=\"768\" height=\"994\"><\/a><figcaption class=\"wp-caption-text gallery-caption\" id=\"gallery-1-224\">\n\t\t\t\tUltra Desengrasante<br \/>\n<\/figcaption><\/figure>\n<figure class=\"gallery-item\">\n\t\t\t\t<a data-elementor-open-lightbox=\"yes\" data-elementor-lightbox-slideshow=\"c3c94d9\" data-elementor-lightbox-title=\"CATALOGO-REHOBOTH-2021-9\" data-elementor-lightbox-description=\"Ambientador \" href=\"http:\/\/dypsioncompany.com\/rehobot21\/wp-content\/uploads\/2021\/06\/CATALOGO-REHOBOTH-2021-9-scaled.jpg\"><img src=\"http:\/\/dypsioncompany.com\/rehobot21\/wp-content\/uploads\/2021\/06\/CATALOGO-REHOBOTH-2021-9-768x994.jpg\" alt=\"\" loading=\"lazy\" aria-describedby=\"gallery-1-225\" srcset=\"http:\/\/dypsioncompany.com\/rehobot21\/wp-content\/uploads\/2021\/06\/CATALOGO-REHOBOTH-2021-9-768x994.jpg 768w, http:\/\/dypsioncompany.com\/rehobot21\/wp-content\/uploads\/2021\/06\/CATALOGO-REHOBOTH-2021-9-scaled-600x777.jpg 600w, http:\/\/dypsioncompany.com\/rehobot21\/wp-content\/uploads\/2021\/06\/CATALOGO-REHOBOTH-2021-9-464x600.jpg 464w, http:\/\/dypsioncompany.com\/rehobot21\/wp-content\/uploads\/2021\/06\/CATALOGO-REHOBOTH-2021-9-791x1024.jpg 791w, http:\/\/dypsioncompany.com\/rehobot21\/wp-content\/uploads\/2021\/06\/CATALOGO-REHOBOTH-2021-9-1187x1536.jpg 1187w, http:\/\/dypsioncompany.com\/rehobot21\/wp-content\/uploads\/2021\/06\/CATALOGO-REHOBOTH-2021-9-1583x2048.jpg 1583w, http:\/\/dypsioncompany.com\/rehobot21\/wp-content\/uploads\/2021\/06\/CATALOGO-REHOBOTH-2021-9-scaled.jpg 1978w\" sizes=\"(max-width: 768px) 100vw, 768px\" width=\"768\" height=\"994\"><\/a><figcaption class=\"wp-caption-text gallery-caption\" id=\"gallery-1-225\">\n\t\t\t\tAmbientador<br \/>\n<\/figcaption><\/figure>\n<figure class=\"gallery-item\">\n\t\t\t\t<a data-elementor-open-lightbox=\"yes\" data-elementor-lightbox-slideshow=\"c3c94d9\" data-elementor-lightbox-title=\"CATALOGO-REHOBOTH-2021-3\" data-elementor-lightbox-description=\"Ambientador \" href=\"http:\/\/dypsioncompany.com\/rehobot21\/wp-content\/uploads\/2021\/06\/CATALOGO-REHOBOTH-2021-3-scaled.jpg\"><img src=\"http:\/\/dypsioncompany.com\/rehobot21\/wp-content\/uploads\/2021\/06\/CATALOGO-REHOBOTH-2021-3-768x994.jpg\" alt=\"\" loading=\"lazy\" srcset=\"http:\/\/dypsioncompany.com\/rehobot21\/wp-content\/uploads\/2021\/06\/CATALOGO-REHOBOTH-2021-3-768x994.jpg 768w, http:\/\/dypsioncompany.com\/rehobot21\/wp-content\/uploads\/2021\/06\/CATALOGO-REHOBOTH-2021-3-scaled-600x777.jpg 600w, http:\/\/dypsioncompany.com\/rehobot21\/wp-content\/uploads\/2021\/06\/CATALOGO-REHOBOTH-2021-3-464x600.jpg 464w, http:\/\/dypsioncompany.com\/rehobot21\/wp-content\/uploads\/2021\/06\/CATALOGO-REHOBOTH-2021-3-791x1024.jpg 791w, http:\/\/dypsioncompany.com\/rehobot21\/wp-content\/uploads\/2021\/06\/CATALOGO-REHOBOTH-2021-3-1187x1536.jpg 1187w, http:\/\/dypsioncompany.com\/rehobot21\/wp-content\/uploads\/2021\/06\/CATALOGO-REHOBOTH-2021-3-1583x2048.jpg 1583w, http:\/\/dypsioncompany.com\/rehobot21\/wp-content\/uploads\/2021\/06\/CATALOGO-REHOBOTH-2021-3-scaled.jpg 1978w\" sizes=\"(max-width: 768px) 100vw, 768px\" width=\"768\" height=\"994\"><\/a><\/figure>\n<figure class=\"gallery-item\">\n\t\t\t\t<a data-elementor-open-lightbox=\"yes\" data-elementor-lightbox-slideshow=\"c3c94d9\" data-elementor-lightbox-title=\"CATALOGO-REHOBOTH-2021-12\" data-elementor-lightbox-description=\"Alcohol Multiusos\" href=\"http:\/\/dypsioncompany.com\/rehobot21\/wp-content\/uploads\/2021\/06\/CATALOGO-REHOBOTH-2021-12-scaled.jpg\"><img src=\"http:\/\/dypsioncompany.com\/rehobot21\/wp-content\/uploads\/2021\/06\/CATALOGO-REHOBOTH-2021-12-768x994.jpg\" alt=\"\" loading=\"lazy\" aria-describedby=\"gallery-1-228\" srcset=\"http:\/\/dypsioncompany.com\/rehobot21\/wp-content\/uploads\/2021\/06\/CATALOGO-REHOBOTH-2021-12-768x994.jpg 768w, http:\/\/dypsioncompany.com\/rehobot21\/wp-content\/uploads\/2021\/06\/CATALOGO-REHOBOTH-2021-12-scaled-600x777.jpg 600w, http:\/\/dypsioncompany.com\/rehobot21\/wp-content\/uploads\/2021\/06\/CATALOGO-REHOBOTH-2021-12-464x600.jpg 464w, http:\/\/dypsioncompany.com\/rehobot21\/wp-content\/uploads\/2021\/06\/CATALOGO-REHOBOTH-2021-12-791x1024.jpg 791w, http:\/\/dypsioncompany.com\/rehobot21\/wp-content\/uploads\/2021\/06\/CATALOGO-REHOBOTH-2021-12-1187x1536.jpg 1187w, http:\/\/dypsioncompany.com\/rehobot21\/wp-content\/uploads\/2021\/06\/CATALOGO-REHOBOTH-2021-12-1583x2048.jpg 1583w, http:\/\/dypsioncompany.com\/rehobot21\/wp-content\/uploads\/2021\/06\/CATALOGO-REHOBOTH-2021-12-scaled.jpg 1978w\" sizes=\"(max-width: 768px) 100vw, 768px\" width=\"768\" height=\"994\"><\/a><figcaption class=\"wp-caption-text gallery-caption\" id=\"gallery-1-228\">\n\t\t\t\tAlcohol Multiusos<br \/>\n<\/figcaption><\/figure>\n<figure class=\"gallery-item\">\n\t\t\t\t<a data-elementor-open-lightbox=\"yes\" data-elementor-lightbox-slideshow=\"c3c94d9\" data-elementor-lightbox-title=\"CATALOGO-REHOBOTH-2021-10\" data-elementor-lightbox-description=\"Limpiador con Bicarbonato Lavanda y Oce\u00e1nico\" href=\"http:\/\/dypsioncompany.com\/rehobot21\/wp-content\/uploads\/2021\/06\/CATALOGO-REHOBOTH-2021-10-scaled.jpg\"><img src=\"http:\/\/dypsioncompany.com\/rehobot21\/wp-content\/uploads\/2021\/06\/CATALOGO-REHOBOTH-2021-10-768x994.jpg\" alt=\"\" loading=\"lazy\" aria-describedby=\"gallery-1-226\" srcset=\"http:\/\/dypsioncompany.com\/rehobot21\/wp-content\/uploads\/2021\/06\/CATALOGO-REHOBOTH-2021-10-768x994.jpg 768w, http:\/\/dypsioncompany.com\/rehobot21\/wp-content\/uploads\/2021\/06\/CATALOGO-REHOBOTH-2021-10-scaled-600x777.jpg 600w, http:\/\/dypsioncompany.com\/rehobot21\/wp-content\/uploads\/2021\/06\/CATALOGO-REHOBOTH-2021-10-464x600.jpg 464w, http:\/\/dypsioncompany.com\/rehobot21\/wp-content\/uploads\/2021\/06\/CATALOGO-REHOBOTH-2021-10-791x1024.jpg 791w, http:\/\/dypsioncompany.com\/rehobot21\/wp-content\/uploads\/2021\/06\/CATALOGO-REHOBOTH-2021-10-1187x1536.jpg 1187w, http:\/\/dypsioncompany.com\/rehobot21\/wp-content\/uploads\/2021\/06\/CATALOGO-REHOBOTH-2021-10-1583x2048.jpg 1583w, http:\/\/dypsioncompany.com\/rehobot21\/wp-content\/uploads\/2021\/06\/CATALOGO-REHOBOTH-2021-10-scaled.jpg 1978w\" sizes=\"(max-width: 768px) 100vw, 768px\" width=\"768\" height=\"994\"><\/a><figcaption class=\"wp-caption-text gallery-caption\" id=\"gallery-1-226\">\n\t\t\t\tLimpiador con Bicarbonato Lavanda y Oce\u00e1nico<br \/>\n<\/figcaption><\/figure>\n<figure class=\"gallery-item\">\n\t\t\t\t<a data-elementor-open-lightbox=\"yes\" data-elementor-lightbox-slideshow=\"c3c94d9\" data-elementor-lightbox-title=\"CATALOGO-REHOBOTH-2021-5\" data-elementor-lightbox-description=\"Gel Antibacterial para Manos\" href=\"http:\/\/dypsioncompany.com\/rehobot21\/wp-content\/uploads\/2021\/06\/CATALOGO-REHOBOTH-2021-5-scaled.jpg\"><img src=\"http:\/\/dypsioncompany.com\/rehobot21\/wp-content\/uploads\/2021\/06\/CATALOGO-REHOBOTH-2021-5-768x994.jpg\" alt=\"\" loading=\"lazy\" aria-describedby=\"gallery-1-221\" srcset=\"http:\/\/dypsioncompany.com\/rehobot21\/wp-content\/uploads\/2021\/06\/CATALOGO-REHOBOTH-2021-5-768x994.jpg 768w, http:\/\/dypsioncompany.com\/rehobot21\/wp-content\/uploads\/2021\/06\/CATALOGO-REHOBOTH-2021-5-scaled-600x777.jpg 600w, http:\/\/dypsioncompany.com\/rehobot21\/wp-content\/uploads\/2021\/06\/CATALOGO-REHOBOTH-2021-5-464x600.jpg 464w, http:\/\/dypsioncompany.com\/rehobot21\/wp-content\/uploads\/2021\/06\/CATALOGO-REHOBOTH-2021-5-791x1024.jpg 791w, http:\/\/dypsioncompany.com\/rehobot21\/wp-content\/uploads\/2021\/06\/CATALOGO-REHOBOTH-2021-5-1187x1536.jpg 1187w, http:\/\/dypsioncompany.com\/rehobot21\/wp-content\/uploads\/2021\/06\/CATALOGO-REHOBOTH-2021-5-1583x2048.jpg 1583w, http:\/\/dypsioncompany.com\/rehobot21\/wp-content\/uploads\/2021\/06\/CATALOGO-REHOBOTH-2021-5-scaled.jpg 1978w\" sizes=\"(max-width: 768px) 100vw, 768px\" width=\"768\" height=\"994\"><\/a><figcaption class=\"wp-caption-text gallery-caption\" id=\"gallery-1-221\">\n\t\t\t\tGel Antibacterial para Manos<br \/>\n<\/figcaption><\/figure>\n<figure class=\"gallery-item\">\n\t\t\t\t<a data-elementor-open-lightbox=\"yes\" data-elementor-lightbox-slideshow=\"c3c94d9\" data-elementor-lightbox-title=\"CATALOGO-REHOBOTH-2021-4\" data-elementor-lightbox-description=\"Jab\u00f3n Antibacterial para Manos\" href=\"http:\/\/dypsioncompany.com\/rehobot21\/wp-content\/uploads\/2021\/06\/CATALOGO-REHOBOTH-2021-4-scaled.jpg\"><img src=\"http:\/\/dypsioncompany.com\/rehobot21\/wp-content\/uploads\/2021\/06\/CATALOGO-REHOBOTH-2021-4-768x994.jpg\" alt=\"\" loading=\"lazy\" aria-describedby=\"gallery-1-220\" srcset=\"http:\/\/dypsioncompany.com\/rehobot21\/wp-content\/uploads\/2021\/06\/CATALOGO-REHOBOTH-2021-4-768x994.jpg 768w, http:\/\/dypsioncompany.com\/rehobot21\/wp-content\/uploads\/2021\/06\/CATALOGO-REHOBOTH-2021-4-scaled-600x777.jpg 600w, http:\/\/dypsioncompany.com\/rehobot21\/wp-content\/uploads\/2021\/06\/CATALOGO-REHOBOTH-2021-4-464x600.jpg 464w, http:\/\/dypsioncompany.com\/rehobot21\/wp-content\/uploads\/2021\/06\/CATALOGO-REHOBOTH-2021-4-791x1024.jpg 791w, http:\/\/dypsioncompany.com\/rehobot21\/wp-content\/uploads\/2021\/06\/CATALOGO-REHOBOTH-2021-4-1187x1536.jpg 1187w, http:\/\/dypsioncompany.com\/rehobot21\/wp-content\/uploads\/2021\/06\/CATALOGO-REHOBOTH-2021-4-1583x2048.jpg 1583w, http:\/\/dypsioncompany.com\/rehobot21\/wp-content\/uploads\/2021\/06\/CATALOGO-REHOBOTH-2021-4-scaled.jpg 1978w\" sizes=\"(max-width: 768px) 100vw, 768px\" width=\"768\" height=\"994\"><\/a><figcaption class=\"wp-caption-text gallery-caption\" id=\"gallery-1-220\">\n\t\t\t\tJab\u00f3n Antibacterial para Manos<br \/>\n<\/figcaption><\/figure>\n<figure class=\"gallery-item\">\n\t\t\t\t<a data-elementor-open-lightbox=\"yes\" data-elementor-lightbox-slideshow=\"c3c94d9\" data-elementor-lightbox-title=\"CATALOGO-REHOBOTH-2021-11\" data-elementor-lightbox-description=\"Limpiador con Bicarbonato\" href=\"http:\/\/dypsioncompany.com\/rehobot21\/wp-content\/uploads\/2021\/06\/CATALOGO-REHOBOTH-2021-11-scaled.jpg\"><img src=\"http:\/\/dypsioncompany.com\/rehobot21\/wp-content\/uploads\/2021\/06\/CATALOGO-REHOBOTH-2021-11-768x994.jpg\" alt=\"\" loading=\"lazy\" aria-describedby=\"gallery-1-227\" srcset=\"http:\/\/dypsioncompany.com\/rehobot21\/wp-content\/uploads\/2021\/06\/CATALOGO-REHOBOTH-2021-11-768x994.jpg 768w, http:\/\/dypsioncompany.com\/rehobot21\/wp-content\/uploads\/2021\/06\/CATALOGO-REHOBOTH-2021-11-scaled-600x777.jpg 600w, http:\/\/dypsioncompany.com\/rehobot21\/wp-content\/uploads\/2021\/06\/CATALOGO-REHOBOTH-2021-11-464x600.jpg 464w, http:\/\/dypsioncompany.com\/rehobot21\/wp-content\/uploads\/2021\/06\/CATALOGO-REHOBOTH-2021-11-791x1024.jpg 791w, http:\/\/dypsioncompany.com\/rehobot21\/wp-content\/uploads\/2021\/06\/CATALOGO-REHOBOTH-2021-11-1187x1536.jpg 1187w, http:\/\/dypsioncompany.com\/rehobot21\/wp-content\/uploads\/2021\/06\/CATALOGO-REHOBOTH-2021-11-1583x2048.jpg 1583w, http:\/\/dypsioncompany.com\/rehobot21\/wp-content\/uploads\/2021\/06\/CATALOGO-REHOBOTH-2021-11-scaled.jpg 1978w\" sizes=\"(max-width: 768px) 100vw, 768px\" width=\"768\" height=\"994\"><\/a><figcaption class=\"wp-caption-text gallery-caption\" id=\"gallery-1-227\">\n\t\t\t\tLimpiador con Bicarbonato Naranjo-Limon<br \/>\n<\/figcaption><\/figure>\n<figure class=\"gallery-item\">\n\t\t\t\t<a data-elementor-open-lightbox=\"yes\" data-elementor-lightbox-slideshow=\"c3c94d9\" data-elementor-lightbox-title=\"CATALOGO-REHOBOTH-2021-6\" data-elementor-lightbox-description=\"Jab\u00f3n L\u00edquido Fusi\u00f3n\" href=\"http:\/\/dypsioncompany.com\/rehobot21\/wp-content\/uploads\/2021\/06\/CATALOGO-REHOBOTH-2021-6-scaled.jpg\"><img src=\"http:\/\/dypsioncompany.com\/rehobot21\/wp-content\/uploads\/2021\/06\/CATALOGO-REHOBOTH-2021-6-768x994.jpg\" alt=\"\" loading=\"lazy\" aria-describedby=\"gallery-1-222\" srcset=\"http:\/\/dypsioncompany.com\/rehobot21\/wp-content\/uploads\/2021\/06\/CATALOGO-REHOBOTH-2021-6-768x994.jpg 768w, http:\/\/dypsioncompany.com\/rehobot21\/wp-content\/uploads\/2021\/06\/CATALOGO-REHOBOTH-2021-6-scaled-600x777.jpg 600w, http:\/\/dypsioncompany.com\/rehobot21\/wp-content\/uploads\/2021\/06\/CATALOGO-REHOBOTH-2021-6-464x600.jpg 464w, http:\/\/dypsioncompany.com\/rehobot21\/wp-content\/uploads\/2021\/06\/CATALOGO-REHOBOTH-2021-6-791x1024.jpg 791w, http:\/\/dypsioncompany.com\/rehobot21\/wp-content\/uploads\/2021\/06\/CATALOGO-REHOBOTH-2021-6-1187x1536.jpg 1187w, http:\/\/dypsioncompany.com\/rehobot21\/wp-content\/uploads\/2021\/06\/CATALOGO-REHOBOTH-2021-6-1583x2048.jpg 1583w, http:\/\/dypsioncompany.com\/rehobot21\/wp-content\/uploads\/2021\/06\/CATALOGO-REHOBOTH-2021-6-scaled.jpg 1978w\" sizes=\"(max-width: 768px) 100vw, 768px\" width=\"768\" height=\"994\"><\/a><figcaption class=\"wp-caption-text gallery-caption\" id=\"gallery-1-222\">\n\t\t\t\tJab\u00f3n L\u00edquido Fusi\u00f3n<br \/>\n<\/figcaption><\/figure>\n<h2>MAS CATEGOR\u00cdAS<\/h2>\n<figure>\n\t\t\t\t\t\t\t\t\t\t\t<a href=\"http:\/\/dypsioncompany.com\/rehobot21\/index.php\/aseo-auto\/\"><br \/>\n<img src=\"http:\/\/dypsioncompany.com\/rehobot21\/wp-content\/uploads\/elementor\/thumbs\/icono-AUTO-rehoboth-1b-p9d4r57hg7938kxpnnwtgxhwh2z9mbx27od8uahgag.png\" title=\"icono-AUTO-rehoboth-1b\" alt=\"icono-AUTO-rehoboth-1b\">\t\t\t\t\t\t\t\t<\/a><figcaption>Aseo para el auto<\/figcaption><\/figure>\n<figure>\n\t\t\t\t\t\t\t\t\t\t\t<a href=\"http:\/\/dypsioncompany.com\/rehobot21\/index.php\/aseo-hogar\"><br \/>\n<img src=\"http:\/\/dypsioncompany.com\/rehobot21\/wp-content\/uploads\/elementor\/thumbs\/icono-home-rehoboth-1b-p9d4rcq6yvjdtgmsfr5u0vll85y7bwqwwpl4oi6awo.png\" title=\"icono-home-rehoboth-1b\" alt=\"icono-home-rehoboth-1b\">\t\t\t\t\t\t\t\t<\/a><figcaption>Aseo para el hogar<\/figcaption><\/figure>\n<figure>\n\t\t\t\t\t\t\t\t\t\t\t<a href=\"http:\/\/dypsioncompany.com\/rehobot21\/index.php\/aseo-industria\"><br \/>\n<img src=\"http:\/\/dypsioncompany.com\/rehobot21\/wp-content\/uploads\/elementor\/thumbs\/icono-industria-rehoboth-1b-p9d4rm4kv7w91k94wv83pt8760nvgvs8a03zh9sd6g.png\" title=\"icono-industria-rehoboth-1b\" alt=\"icono-industria-rehoboth-1b\">\t\t\t\t\t\t\t\t<\/a><figcaption>Aseo para la Industria<\/figcaption><\/figure>\n<p><a href=\"http:\/\/dypsioncompany.com\/rehobot21\/index.php\/aseo-oficina\/\"><br \/>\n<img src=\"http:\/\/dypsioncompany.com\/rehobot21\/wp-content\/uploads\/2021\/09\/logo-DISTRIB-rehobothaseox400.png\" alt=\"\" loading=\"lazy\" width=\"400\" height=\"300\">\t\t\t\t\t\t\t\t<\/a><\/p>\n","protected":false},"excerpt":{"rendered":"<p>PARA LA OFICINA Aseo Rehoboth Clean para la oficina Encuentra una amplia gama de f\u00f3rmulas especializadas para su sitio de trabajo, y as\u00ed cuidar de forma pr\u00e1ctica, sencilla y econ\u00f3mica cada espacio. Ultra Desengrasante Ambientador Alcohol Multiusos Limpiador con Bicarbonato Lavanda y Oce\u00e1nico Gel Antibacterial para Manos Jab\u00f3n Antibacterial para Manos Limpiador con Bicarbonato Naranjo-Limon [&hellip;]<\/p>\n","protected":false},"author":1,"featured_media":0,"parent":0,"menu_order":0,"comment_status":"closed","ping_status":"closed","template":"elementor_header_footer","meta":[],"_links":{"self":[{"href":"https:\/\/dypsioncompany.com\/rehobot21\/index.php\/wp-json\/wp\/v2\/pages\/399"}],"collection":[{"href":"https:\/\/dypsioncompany.com\/rehobot21\/index.php\/wp-json\/wp\/v2\/pages"}],"about":[{"href":"https:\/\/dypsioncompany.com\/rehobot21\/index.php\/wp-json\/wp\/v2\/types\/page"}],"author":[{"embeddable":true,"href":"https:\/\/dypsioncompany.com\/rehobot21\/index.php\/wp-json\/wp\/v2\/users\/1"}],"replies":[{"embeddable":true,"href":"https:\/\/dypsioncompany.com\/rehobot21\/index.php\/wp-json\/wp\/v2\/comments?post=399"}],"version-history":[{"count":14,"href":"https:\/\/dypsioncompany.com\/rehobot21\/index.php\/wp-json\/wp\/v2\/pages\/399\/revisions"}],"predecessor-version":[{"id":594,"href":"https:\/\/dypsioncompany.com\/rehobot21\/index.php\/wp-json\/wp\/v2\/pages\/399\/revisions\/594"}],"wp:attachment":[{"href":"https:\/\/dypsioncompany.com\/rehobot21\/index.php\/wp-json\/wp\/v2\/media?parent=399"}],"curies":[{"name":"wp","href":"https:\/\/api.w.org\/{rel}","templated":true}]}}